{"id":4206,"date":"2021-01-27T12:00:57","date_gmt":"2021-01-27T11:00:57","guid":{"rendered":"http:\/\/rse-online.de\/?page_id=4206"},"modified":"2026-04-24T07:09:16","modified_gmt":"2026-04-24T05:09:16","slug":"test-2","status":"publish","type":"page","link":"https:\/\/rse-online.de\/","title":{"rendered":"Willkommen"},"content":{"rendered":"<div id=\"links_o\" style=\"border-width: 1.5px; padding-bottom: 1em;\">\r\n<p><strong style=\"font-family: inherit; font-size: 18pt;\">Aktuelle Informationen<\/strong><\/p>\r\n<ul>\r\n\t<li><span style=\"color: #000000; font-size: 12pt;\"><strong>Onlineanmeldung mit Terminbuchung f\u00fcr das neue Schuljahr 2026\/27 sind ab dem\u00a015.04.2026 freigeschaltet. <a href=\"https:\/\/www.schulantrag.de\/anmeldung\/swonline\/ssl\/antrag-start-01.asp?sch=703\">Folgen Sie dem Link<\/a><\/strong><\/span><\/li>\r\n\t<li><strong>2. Elternsprechtag Montag, 27.04. 17.00 -20.00 Uhr<\/strong><\/li>\r\n\t<li><strong>Erasmus+-Fahrt nach Frenaros Sonntag, 26.04. &#8211; 02.05.<\/strong><\/li>\r\n<\/ul>\r\n<\/div>\r\n<div id=\"rechts_o\" style=\"text-align: center;\"><span style=\"font-size: 14pt;\">Impressionen der RSE<br \/>\r\n<\/span> <div class=\"rl-gallery-container splide rl-loading\" id=\"rl-gallery-container-1\" data-gallery_id=\"8063\"> <div class=\"rl-gallery rl-basicslider-gallery splide__track \" id=\"rl-gallery-1\" data-gallery_no=\"1\"> <ul class=\"splide__list\"> <li class=\"rl-gallery-item splide__slide\" data-thumb=\"https:\/\/rse-online.de\/wp-content\/uploads\/2026\/04\/original-2D41EE6F-C90F-434E-AB13-94897F895B92-533x400.jpeg\"> <a href=\"https:\/\/rse-online.de\/wp-content\/uploads\/2026\/04\/original-2D41EE6F-C90F-434E-AB13-94897F895B92-1365x1024.jpeg\" title=\"\" data-rl_title=\"\" class=\"rl-gallery-link\" data-rl_caption=\"\" data-rel=\"lightbox-gallery-1\"><img loading=\"lazy\" decoding=\"async\" src=\"https:\/\/rse-online.de\/wp-content\/uploads\/2026\/04\/original-2D41EE6F-C90F-434E-AB13-94897F895B92-533x400.jpeg\" width=\"533\" height=\"400\" alt=\"\" \/><\/a> <\/li> <li class=\"rl-gallery-item splide__slide\" data-thumb=\"https:\/\/rse-online.de\/wp-content\/uploads\/2024\/01\/IMG_0284-533x400.jpg\"> <a href=\"https:\/\/rse-online.de\/wp-content\/uploads\/2024\/01\/IMG_0284-1365x1024.jpg\" title=\"\" data-rl_title=\"\" class=\"rl-gallery-link\" data-rl_caption=\"\" data-rel=\"lightbox-gallery-1\"><img loading=\"lazy\" decoding=\"async\" src=\"https:\/\/rse-online.de\/wp-content\/uploads\/2024\/01\/IMG_0284-533x400.jpg\" width=\"533\" height=\"400\" alt=\"\" \/><\/a> <\/li> <li class=\"rl-gallery-item splide__slide\" data-thumb=\"https:\/\/rse-online.de\/wp-content\/uploads\/2026\/04\/JIUH3858-533x400.jpeg\"> <a href=\"https:\/\/rse-online.de\/wp-content\/uploads\/2026\/04\/JIUH3858-1365x1024.jpeg\" title=\"\" data-rl_title=\"\" class=\"rl-gallery-link\" data-rl_caption=\"\" data-rel=\"lightbox-gallery-1\"><img loading=\"lazy\" decoding=\"async\" src=\"https:\/\/rse-online.de\/wp-content\/uploads\/2026\/04\/JIUH3858-533x400.jpeg\" width=\"533\" height=\"400\" alt=\"\" \/><\/a> <\/li> <li class=\"rl-gallery-item splide__slide\" data-thumb=\"https:\/\/rse-online.de\/wp-content\/uploads\/2026\/04\/JZVV1095-533x400.jpeg\"> <a href=\"https:\/\/rse-online.de\/wp-content\/uploads\/2026\/04\/JZVV1095-1365x1024.jpeg\" title=\"\" data-rl_title=\"\" class=\"rl-gallery-link\" data-rl_caption=\"\" data-rel=\"lightbox-gallery-1\"><img loading=\"lazy\" decoding=\"async\" src=\"https:\/\/rse-online.de\/wp-content\/uploads\/2026\/04\/JZVV1095-533x400.jpeg\" width=\"533\" height=\"400\" alt=\"\" \/><\/a> <\/li> <\/ul> <\/div> <\/div><\/div>\r\n<div style=\"clear: left; margin-left: 0em; margin-top: 2.4em;\">\r\n<p><strong style=\"font-family: inherit; font-size: 18pt;\">Gru\u00dfworte des Schulleiters <\/strong><\/p>\r\n<div><img decoding=\"async\" class=\"alignleft\" src=\"https:\/\/rse-online.de\/wp-content\/uploads\/2023\/09\/Schulleiter-MW2.jpg\" alt=\"Matthias Witzel\" width=\"180\" \/><\/div>\r\n<p><span style=\"font-size: 12pt; font-style: inherit; font-weight: inherit;\"> <strong>Herzlich Willkommen<\/strong> auf unserer Internetpr\u00e4senz. <\/span><\/p>\r\n<p><span style=\"font-size: 12pt; font-weight: inherit;\"> \u00dcberzeugen Sie sich von der tollen Arbeit unserer Sch\u00fclerinnen und Sch\u00fcler sowie Lehrkr\u00e4fte durch das Schuljahr hindurch. Finden Sie alle Unterlagen f\u00fcr die Anmeldung Ihres Kindes, oder lassen Sie sich dazu inspirieren, unsere Schule \u00fcber den F\u00f6rderkreis oder den Elternbeirat zu unterst\u00fctzen. Erfahren Sie Aktuelles oder st\u00f6bern Sie in der Vergangenheit der Schule.<\/span><\/p>\r\n<em><span style=\"font-size: 12pt;\">Matthias Witzel<\/span><\/em> <span style=\"color: #000000; font-size: 13pt; font-family: inherit;\"><strong><br \/>\r\n<\/strong> <\/span><\/div>","protected":false},"excerpt":{"rendered":"<p>Aktuelle Informationen Onlineanmeldung mit Terminbuchung f\u00fcr das neue Schuljahr 2026\/27 sind ab dem\u00a015.04.2026 freigeschaltet. Folgen Sie dem Link 2. Elternsprechtag Montag, 27.04. 17.00 -20.00 Uhr Erasmus+-Fahrt nach Frenaros Sonntag, 26.04. &#8211; 02.05. Impressionen der RSE Gru\u00dfworte des Schulleiters Herzlich Willkommen auf unserer Internetpr\u00e4senz. \u00dcberzeugen Sie sich von der tollen Arbeit unserer Sch\u00fclerinnen und Sch\u00fcler sowie [&hellip;]<\/p>\n","protected":false},"author":10,"featured_media":0,"parent":0,"menu_order":0,"comment_status":"closed","ping_status":"closed","template":"page-Startseite.php","meta":{"footnotes":""},"class_list":["post-4206","page","type-page","status-publish","hentry"],"yoast_head":"<!-- This site is optimized with the Yoast SEO plugin v27.4 - https:\/\/yoast.com\/product\/yoast-seo-wordpress\/ -->\n<title>Willkommen - Staatliche Realschule Elsenfeld<\/title>\n<meta name=\"robots\" content=\"index, follow, max-snippet:-1, max-image-preview:large, max-video-preview:-1\" \/>\n<link rel=\"canonical\" href=\"https:\/\/rse-online.de\/\" \/>\n<meta property=\"og:locale\" content=\"de_DE\" \/>\n<meta property=\"og:type\" content=\"article\" \/>\n<meta property=\"og:title\" content=\"Willkommen - Staatliche Realschule Elsenfeld\" \/>\n<meta property=\"og:description\" content=\"Aktuelle Informationen Onlineanmeldung mit Terminbuchung f\u00fcr das neue Schuljahr 2026\/27 sind ab dem\u00a015.04.2026 freigeschaltet. Folgen Sie dem Link 2. Elternsprechtag Montag, 27.04. 17.00 -20.00 Uhr Erasmus+-Fahrt nach Frenaros Sonntag, 26.04. &#8211; 02.05. Impressionen der RSE Gru\u00dfworte des Schulleiters Herzlich Willkommen auf unserer Internetpr\u00e4senz. \u00dcberzeugen Sie sich von der tollen Arbeit unserer Sch\u00fclerinnen und Sch\u00fcler sowie [&hellip;]\" \/>\n<meta property=\"og:url\" content=\"https:\/\/rse-online.de\/\" \/>\n<meta property=\"og:site_name\" content=\"Staatliche Realschule Elsenfeld\" \/>\n<meta property=\"article:modified_time\" content=\"2026-04-24T05:09:16+00:00\" \/>\n<meta property=\"og:image\" content=\"http:\/\/rse-online.de\/wp-content\/uploads\/2023\/09\/Schulleiter-MW2.jpg\" \/>\n<meta name=\"twitter:card\" content=\"summary_large_image\" \/>\n<meta name=\"twitter:label1\" content=\"Gesch\u00e4tzte Lesezeit\" \/>\n\t<meta name=\"twitter:data1\" content=\"1\u00a0Minute\" \/>\n<script type=\"application\/ld+json\" class=\"yoast-schema-graph\">{\"@context\":\"https:\\\/\\\/schema.org\",\"@graph\":[{\"@type\":\"WebPage\",\"@id\":\"https:\\\/\\\/rse-online.de\\\/\",\"url\":\"https:\\\/\\\/rse-online.de\\\/\",\"name\":\"Willkommen - Staatliche Realschule Elsenfeld\",\"isPartOf\":{\"@id\":\"https:\\\/\\\/rse-online.de\\\/#website\"},\"primaryImageOfPage\":{\"@id\":\"https:\\\/\\\/rse-online.de\\\/#primaryimage\"},\"image\":{\"@id\":\"https:\\\/\\\/rse-online.de\\\/#primaryimage\"},\"thumbnailUrl\":\"http:\\\/\\\/rse-online.de\\\/wp-content\\\/uploads\\\/2023\\\/09\\\/Schulleiter-MW2.jpg\",\"datePublished\":\"2021-01-27T11:00:57+00:00\",\"dateModified\":\"2026-04-24T05:09:16+00:00\",\"breadcrumb\":{\"@id\":\"https:\\\/\\\/rse-online.de\\\/#breadcrumb\"},\"inLanguage\":\"de\",\"potentialAction\":[{\"@type\":\"ReadAction\",\"target\":[\"https:\\\/\\\/rse-online.de\\\/\"]}]},{\"@type\":\"ImageObject\",\"inLanguage\":\"de\",\"@id\":\"https:\\\/\\\/rse-online.de\\\/#primaryimage\",\"url\":\"http:\\\/\\\/rse-online.de\\\/wp-content\\\/uploads\\\/2023\\\/09\\\/Schulleiter-MW2.jpg\",\"contentUrl\":\"http:\\\/\\\/rse-online.de\\\/wp-content\\\/uploads\\\/2023\\\/09\\\/Schulleiter-MW2.jpg\"},{\"@type\":\"BreadcrumbList\",\"@id\":\"https:\\\/\\\/rse-online.de\\\/#breadcrumb\",\"itemListElement\":[{\"@type\":\"ListItem\",\"position\":1,\"name\":\"Start\",\"item\":\"https:\\\/\\\/rse-online.de\\\/\"},{\"@type\":\"ListItem\",\"position\":2,\"name\":\"Willkommen\"}]},{\"@type\":\"WebSite\",\"@id\":\"https:\\\/\\\/rse-online.de\\\/#website\",\"url\":\"https:\\\/\\\/rse-online.de\\\/\",\"name\":\"Staatliche Realschule Elsenfeld\",\"description\":\"\",\"potentialAction\":[{\"@type\":\"SearchAction\",\"target\":{\"@type\":\"EntryPoint\",\"urlTemplate\":\"https:\\\/\\\/rse-online.de\\\/?s={search_term_string}\"},\"query-input\":{\"@type\":\"PropertyValueSpecification\",\"valueRequired\":true,\"valueName\":\"search_term_string\"}}],\"inLanguage\":\"de\"}]}<\/script>\n<!-- \/ Yoast SEO plugin. -->","yoast_head_json":{"title":"Willkommen - Staatliche Realschule Elsenfeld","robots":{"index":"index","follow":"follow","max-snippet":"max-snippet:-1","max-image-preview":"max-image-preview:large","max-video-preview":"max-video-preview:-1"},"canonical":"https:\/\/rse-online.de\/","og_locale":"de_DE","og_type":"article","og_title":"Willkommen - Staatliche Realschule Elsenfeld","og_description":"Aktuelle Informationen Onlineanmeldung mit Terminbuchung f\u00fcr das neue Schuljahr 2026\/27 sind ab dem\u00a015.04.2026 freigeschaltet. Folgen Sie dem Link 2. Elternsprechtag Montag, 27.04. 17.00 -20.00 Uhr Erasmus+-Fahrt nach Frenaros Sonntag, 26.04. &#8211; 02.05. Impressionen der RSE Gru\u00dfworte des Schulleiters Herzlich Willkommen auf unserer Internetpr\u00e4senz. \u00dcberzeugen Sie sich von der tollen Arbeit unserer Sch\u00fclerinnen und Sch\u00fcler sowie [&hellip;]","og_url":"https:\/\/rse-online.de\/","og_site_name":"Staatliche Realschule Elsenfeld","article_modified_time":"2026-04-24T05:09:16+00:00","og_image":[{"url":"http:\/\/rse-online.de\/wp-content\/uploads\/2023\/09\/Schulleiter-MW2.jpg","type":"","width":"","height":""}],"twitter_card":"summary_large_image","twitter_misc":{"Gesch\u00e4tzte Lesezeit":"1\u00a0Minute"},"schema":{"@context":"https:\/\/schema.org","@graph":[{"@type":"WebPage","@id":"https:\/\/rse-online.de\/","url":"https:\/\/rse-online.de\/","name":"Willkommen - Staatliche Realschule Elsenfeld","isPartOf":{"@id":"https:\/\/rse-online.de\/#website"},"primaryImageOfPage":{"@id":"https:\/\/rse-online.de\/#primaryimage"},"image":{"@id":"https:\/\/rse-online.de\/#primaryimage"},"thumbnailUrl":"http:\/\/rse-online.de\/wp-content\/uploads\/2023\/09\/Schulleiter-MW2.jpg","datePublished":"2021-01-27T11:00:57+00:00","dateModified":"2026-04-24T05:09:16+00:00","breadcrumb":{"@id":"https:\/\/rse-online.de\/#breadcrumb"},"inLanguage":"de","potentialAction":[{"@type":"ReadAction","target":["https:\/\/rse-online.de\/"]}]},{"@type":"ImageObject","inLanguage":"de","@id":"https:\/\/rse-online.de\/#primaryimage","url":"http:\/\/rse-online.de\/wp-content\/uploads\/2023\/09\/Schulleiter-MW2.jpg","contentUrl":"http:\/\/rse-online.de\/wp-content\/uploads\/2023\/09\/Schulleiter-MW2.jpg"},{"@type":"BreadcrumbList","@id":"https:\/\/rse-online.de\/#breadcrumb","itemListElement":[{"@type":"ListItem","position":1,"name":"Start","item":"https:\/\/rse-online.de\/"},{"@type":"ListItem","position":2,"name":"Willkommen"}]},{"@type":"WebSite","@id":"https:\/\/rse-online.de\/#website","url":"https:\/\/rse-online.de\/","name":"Staatliche Realschule Elsenfeld","description":"","potentialAction":[{"@type":"SearchAction","target":{"@type":"EntryPoint","urlTemplate":"https:\/\/rse-online.de\/?s={search_term_string}"},"query-input":{"@type":"PropertyValueSpecification","valueRequired":true,"valueName":"search_term_string"}}],"inLanguage":"de"}]}},"_links":{"self":[{"href":"https:\/\/rse-online.de\/index.php?rest_route=\/wp\/v2\/pages\/4206","targetHints":{"allow":["GET"]}}],"collection":[{"href":"https:\/\/rse-online.de\/index.php?rest_route=\/wp\/v2\/pages"}],"about":[{"href":"https:\/\/rse-online.de\/index.php?rest_route=\/wp\/v2\/types\/page"}],"author":[{"embeddable":true,"href":"https:\/\/rse-online.de\/index.php?rest_route=\/wp\/v2\/users\/10"}],"replies":[{"embeddable":true,"href":"https:\/\/rse-online.de\/index.php?rest_route=%2Fwp%2Fv2%2Fcomments&post=4206"}],"version-history":[{"count":1110,"href":"https:\/\/rse-online.de\/index.php?rest_route=\/wp\/v2\/pages\/4206\/revisions"}],"predecessor-version":[{"id":10746,"href":"https:\/\/rse-online.de\/index.php?rest_route=\/wp\/v2\/pages\/4206\/revisions\/10746"}],"wp:attachment":[{"href":"https:\/\/rse-online.de\/index.php?rest_route=%2Fwp%2Fv2%2Fmedia&parent=4206"}],"curies":[{"name":"wp","href":"https:\/\/api.w.org\/{rel}","templated":true}]}}